{"id":537,"date":"2024-03-05T18:08:14","date_gmt":"2024-03-05T17:08:14","guid":{"rendered":"https:\/\/jenna-piscines.com\/?page_id=537"},"modified":"2024-04-09T21:49:14","modified_gmt":"2024-04-09T19:49:14","slug":"contacts","status":"publish","type":"page","link":"https:\/\/jenna-piscines.com\/index.php\/contacts\/","title":{"rendered":"Contactez-moi !"},"content":{"rendered":"\n<figure class=\"wp-block-image alignfull size-large\"><img fetchpriority=\"high\" decoding=\"async\" width=\"1024\" height=\"768\" src=\"http:\/\/jenna-piscines.com\/wp-content\/uploads\/2024\/02\/pexels-guduru-ajay-bhargav-863988-2-1024x768.jpg\" alt=\"\" class=\"wp-image-439\" srcset=\"https:\/\/jenna-piscines.com\/wp-content\/uploads\/2024\/02\/pexels-guduru-ajay-bhargav-863988-2-1024x768.jpg 1024w, https:\/\/jenna-piscines.com\/wp-content\/uploads\/2024\/02\/pexels-guduru-ajay-bhargav-863988-2-300x225.jpg 300w, https:\/\/jenna-piscines.com\/wp-content\/uploads\/2024\/02\/pexels-guduru-ajay-bhargav-863988-2-768x576.jpg 768w, https:\/\/jenna-piscines.com\/wp-content\/uploads\/2024\/02\/pexels-guduru-ajay-bhargav-863988-2-1536x1152.jpg 1536w, https:\/\/jenna-piscines.com\/wp-content\/uploads\/2024\/02\/pexels-guduru-ajay-bhargav-863988-2-2048x1536.jpg 2048w\" sizes=\"(max-width: 1024px) 100vw, 1024px\" \/><\/figure>\n\n\n\n<p><\/p>\n\n\n\n<p class=\"has-text-align-center\">Pour toute <em>demande d&rsquo;informations<\/em> ou <em>demande de devis<\/em> (gratuit), contactez-moi !<\/p>\n\n\n\n<p class=\"has-text-align-center\"><strong>contact@jenna-piscines.com<\/strong><\/p>\n\n\n\n<p class=\"has-text-align-center\"><strong>07 50 58 31 70  <\/strong><\/p>\n\n\n\n<div class=\"wp-block-media-text has-media-on-the-right is-stacked-on-mobile is-image-fill\" style=\"grid-template-columns:auto 48%\"><div class=\"wp-block-media-text__content\">\n<div class=\"wpcf7 no-js\" id=\"wpcf7-f655-o1\" lang=\"fr-FR\" dir=\"ltr\" data-wpcf7-id=\"655\">\n<div class=\"screen-reader-response\"><p role=\"status\" aria-live=\"polite\" aria-atomic=\"true\"><\/p> <ul><\/ul><\/div>\n<form action=\"\/index.php\/wp-json\/wp\/v2\/pages\/537#wpcf7-f655-o1\" method=\"post\" class=\"wpcf7-form init\" aria-label=\"Formulaire de contact\" novalidate=\"novalidate\" data-status=\"init\">\n<fieldset class=\"hidden-fields-container\"><input type=\"hidden\" name=\"_wpcf7\" value=\"655\" \/><input type=\"hidden\" name=\"_wpcf7_version\" value=\"6.1.5\" \/><input type=\"hidden\" name=\"_wpcf7_locale\" value=\"fr_FR\" \/><input type=\"hidden\" name=\"_wpcf7_unit_tag\" value=\"wpcf7-f655-o1\" \/><input type=\"hidden\" name=\"_wpcf7_container_post\" value=\"0\" \/><input type=\"hidden\" name=\"_wpcf7_posted_data_hash\" value=\"\" \/>\n<\/fieldset>\n<p><label> Votre nom<br \/>\n<span class=\"wpcf7-form-control-wrap\" data-name=\"your-name\"><input size=\"40\" maxlength=\"400\" class=\"wpcf7-form-control wpcf7-text wpcf7-validates-as-required\" autocomplete=\"name\" aria-required=\"true\" aria-invalid=\"false\" value=\"\" type=\"text\" name=\"your-name\" \/><\/span> <\/label>\n<\/p>\n<p><label> Votre e-mail<br \/>\n<span class=\"wpcf7-form-control-wrap\" data-name=\"your-email\"><input size=\"40\" maxlength=\"400\" class=\"wpcf7-form-control wpcf7-email wpcf7-validates-as-required wpcf7-text wpcf7-validates-as-email\" autocomplete=\"email\" aria-required=\"true\" aria-invalid=\"false\" value=\"\" type=\"email\" name=\"your-email\" \/><\/span> <\/label>\n<\/p>\n<p><label> Objet<br \/>\n<span class=\"wpcf7-form-control-wrap\" data-name=\"your-subject\"><input size=\"40\" maxlength=\"400\" class=\"wpcf7-form-control wpcf7-text wpcf7-validates-as-required\" aria-required=\"true\" aria-invalid=\"false\" value=\"\" type=\"text\" name=\"your-subject\" \/><\/span> <\/label>\n<\/p>\n<p><label> Votre message (facultatif)<br \/>\n<span class=\"wpcf7-form-control-wrap\" data-name=\"your-message\"><textarea cols=\"40\" rows=\"10\" maxlength=\"2000\" class=\"wpcf7-form-control wpcf7-textarea\" aria-invalid=\"false\" name=\"your-message\"><\/textarea><\/span> <\/label>\n<\/p>\n<p><input class=\"wpcf7-form-control wpcf7-submit has-spinner\" type=\"submit\" value=\"Envoyer\" \/>\n<\/p><input type='hidden' class='wpcf7-pum' value='{\"closepopup\":false,\"closedelay\":0,\"openpopup\":false,\"openpopup_id\":0}' \/><div class=\"wpcf7-response-output\" aria-hidden=\"true\"><\/div>\n<\/form>\n<\/div>\n\n<\/div><figure class=\"wp-block-media-text__media\" style=\"background-image:url(http:\/\/jenna-piscines.com\/wp-content\/uploads\/2024\/03\/iStock-1438170806-1024x661.jpg);background-position:66% 27%\"><img decoding=\"async\" width=\"1024\" height=\"661\" src=\"http:\/\/jenna-piscines.com\/wp-content\/uploads\/2024\/03\/iStock-1438170806-1024x661.jpg\" alt=\"\" class=\"wp-image-490 size-full\" srcset=\"https:\/\/jenna-piscines.com\/wp-content\/uploads\/2024\/03\/iStock-1438170806-1024x661.jpg 1024w, https:\/\/jenna-piscines.com\/wp-content\/uploads\/2024\/03\/iStock-1438170806-300x194.jpg 300w, https:\/\/jenna-piscines.com\/wp-content\/uploads\/2024\/03\/iStock-1438170806-768x495.jpg 768w, https:\/\/jenna-piscines.com\/wp-content\/uploads\/2024\/03\/iStock-1438170806-1536x991.jpg 1536w, https:\/\/jenna-piscines.com\/wp-content\/uploads\/2024\/03\/iStock-1438170806-2048x1321.jpg 2048w\" sizes=\"(max-width: 1024px) 100vw, 1024px\" \/><\/figure><\/div>\n","protected":false},"excerpt":{"rendered":"<p>Pour toute demande d&rsquo;informations ou demande de devis (gratuit), contactez-moi ! contact@jenna-piscines.com 07 50 58 31 70<\/p>\n","protected":false},"author":1,"featured_media":0,"parent":0,"menu_order":0,"comment_status":"closed","ping_status":"closed","template":"","meta":{"neve_meta_sidebar":"full-width","neve_meta_container":"full-width","neve_meta_enable_content_width":"","neve_meta_content_width":0,"neve_meta_title_alignment":"center","neve_meta_author_avatar":"","neve_post_elements_order":"","neve_meta_disable_header":"","neve_meta_disable_footer":"","neve_meta_disable_title":"","footnotes":""},"class_list":["post-537","page","type-page","status-publish","hentry"],"yoast_head":"<!-- This site is optimized with the Yoast SEO plugin v27.4 - https:\/\/yoast.com\/product\/yoast-seo-wordpress\/ -->\n<title>Contactez-moi ! - Jenna Piscines<\/title>\n<meta name=\"description\" content=\"Pour toute demande d&#039;information ou de devis n&#039;h\u00e9sitez pas \u00e0 nous contactez par mail ou directement par t\u00e9l\u00e9phone\" \/>\n<meta name=\"robots\" content=\"index, follow, max-snippet:-1, max-image-preview:large, max-video-preview:-1\" \/>\n<link rel=\"canonical\" href=\"https:\/\/jenna-piscines.com\/index.php\/contacts\/\" \/>\n<meta property=\"og:locale\" content=\"fr_FR\" \/>\n<meta property=\"og:type\" content=\"article\" \/>\n<meta property=\"og:title\" content=\"Contactez-moi ! - Jenna Piscines\" \/>\n<meta property=\"og:description\" content=\"Pour toute demande d&#039;information ou de devis n&#039;h\u00e9sitez pas \u00e0 nous contactez par mail ou directement par t\u00e9l\u00e9phone\" \/>\n<meta property=\"og:url\" content=\"https:\/\/jenna-piscines.com\/index.php\/contacts\/\" \/>\n<meta property=\"og:site_name\" content=\"Jenna Piscines\" \/>\n<meta property=\"article:publisher\" content=\"https:\/\/www.facebook.com\/jennapiscines\" \/>\n<meta property=\"article:modified_time\" content=\"2024-04-09T19:49:14+00:00\" \/>\n<meta property=\"og:image\" content=\"http:\/\/jenna-piscines.com\/wp-content\/uploads\/2024\/02\/pexels-guduru-ajay-bhargav-863988-2-1024x768.jpg\" \/>\n<meta name=\"twitter:card\" content=\"summary_large_image\" \/>\n<meta name=\"twitter:label1\" content=\"Dur\u00e9e de lecture estim\u00e9e\" \/>\n\t<meta name=\"twitter:data1\" content=\"1 minute\" \/>\n<script type=\"application\/ld+json\" class=\"yoast-schema-graph\">{\"@context\":\"https:\\\/\\\/schema.org\",\"@graph\":[{\"@type\":\"WebPage\",\"@id\":\"https:\\\/\\\/jenna-piscines.com\\\/index.php\\\/contacts\\\/\",\"url\":\"https:\\\/\\\/jenna-piscines.com\\\/index.php\\\/contacts\\\/\",\"name\":\"Contactez-moi ! - Jenna Piscines\",\"isPartOf\":{\"@id\":\"https:\\\/\\\/jenna-piscines.com\\\/#website\"},\"primaryImageOfPage\":{\"@id\":\"https:\\\/\\\/jenna-piscines.com\\\/index.php\\\/contacts\\\/#primaryimage\"},\"image\":{\"@id\":\"https:\\\/\\\/jenna-piscines.com\\\/index.php\\\/contacts\\\/#primaryimage\"},\"thumbnailUrl\":\"http:\\\/\\\/jenna-piscines.com\\\/wp-content\\\/uploads\\\/2024\\\/02\\\/pexels-guduru-ajay-bhargav-863988-2-1024x768.jpg\",\"datePublished\":\"2024-03-05T17:08:14+00:00\",\"dateModified\":\"2024-04-09T19:49:14+00:00\",\"description\":\"Pour toute demande d'information ou de devis n'h\u00e9sitez pas \u00e0 nous contactez par mail ou directement par t\u00e9l\u00e9phone\",\"breadcrumb\":{\"@id\":\"https:\\\/\\\/jenna-piscines.com\\\/index.php\\\/contacts\\\/#breadcrumb\"},\"inLanguage\":\"fr-FR\",\"potentialAction\":[{\"@type\":\"ReadAction\",\"target\":[\"https:\\\/\\\/jenna-piscines.com\\\/index.php\\\/contacts\\\/\"]}]},{\"@type\":\"ImageObject\",\"inLanguage\":\"fr-FR\",\"@id\":\"https:\\\/\\\/jenna-piscines.com\\\/index.php\\\/contacts\\\/#primaryimage\",\"url\":\"https:\\\/\\\/jenna-piscines.com\\\/wp-content\\\/uploads\\\/2024\\\/02\\\/pexels-guduru-ajay-bhargav-863988-2-scaled.jpg\",\"contentUrl\":\"https:\\\/\\\/jenna-piscines.com\\\/wp-content\\\/uploads\\\/2024\\\/02\\\/pexels-guduru-ajay-bhargav-863988-2-scaled.jpg\",\"width\":2560,\"height\":1920},{\"@type\":\"BreadcrumbList\",\"@id\":\"https:\\\/\\\/jenna-piscines.com\\\/index.php\\\/contacts\\\/#breadcrumb\",\"itemListElement\":[{\"@type\":\"ListItem\",\"position\":1,\"name\":\"Accueil\",\"item\":\"https:\\\/\\\/jenna-piscines.com\\\/\"},{\"@type\":\"ListItem\",\"position\":2,\"name\":\"Contactez-moi !\"}]},{\"@type\":\"WebSite\",\"@id\":\"https:\\\/\\\/jenna-piscines.com\\\/#website\",\"url\":\"https:\\\/\\\/jenna-piscines.com\\\/\",\"name\":\"Jenna Piscines\",\"description\":\"Nagez dans le bonheur\",\"publisher\":{\"@id\":\"https:\\\/\\\/jenna-piscines.com\\\/#organization\"},\"potentialAction\":[{\"@type\":\"SearchAction\",\"target\":{\"@type\":\"EntryPoint\",\"urlTemplate\":\"https:\\\/\\\/jenna-piscines.com\\\/?s={search_term_string}\"},\"query-input\":{\"@type\":\"PropertyValueSpecification\",\"valueRequired\":true,\"valueName\":\"search_term_string\"}}],\"inLanguage\":\"fr-FR\"},{\"@type\":\"Organization\",\"@id\":\"https:\\\/\\\/jenna-piscines.com\\\/#organization\",\"name\":\"Jenna Piscines\",\"url\":\"https:\\\/\\\/jenna-piscines.com\\\/\",\"logo\":{\"@type\":\"ImageObject\",\"inLanguage\":\"fr-FR\",\"@id\":\"https:\\\/\\\/jenna-piscines.com\\\/#\\\/schema\\\/logo\\\/image\\\/\",\"url\":\"https:\\\/\\\/jenna-piscines.com\\\/wp-content\\\/uploads\\\/2020\\\/12\\\/web-agency-logo-3.png\",\"contentUrl\":\"https:\\\/\\\/jenna-piscines.com\\\/wp-content\\\/uploads\\\/2020\\\/12\\\/web-agency-logo-3.png\",\"width\":200,\"height\":200,\"caption\":\"Jenna Piscines\"},\"image\":{\"@id\":\"https:\\\/\\\/jenna-piscines.com\\\/#\\\/schema\\\/logo\\\/image\\\/\"},\"sameAs\":[\"https:\\\/\\\/www.facebook.com\\\/jennapiscines\"]}]}<\/script>\n<!-- \/ Yoast SEO plugin. -->","yoast_head_json":{"title":"Contactez-moi ! - Jenna Piscines","description":"Pour toute demande d'information ou de devis n'h\u00e9sitez pas \u00e0 nous contactez par mail ou directement par t\u00e9l\u00e9phone","robots":{"index":"index","follow":"follow","max-snippet":"max-snippet:-1","max-image-preview":"max-image-preview:large","max-video-preview":"max-video-preview:-1"},"canonical":"https:\/\/jenna-piscines.com\/index.php\/contacts\/","og_locale":"fr_FR","og_type":"article","og_title":"Contactez-moi ! - Jenna Piscines","og_description":"Pour toute demande d'information ou de devis n'h\u00e9sitez pas \u00e0 nous contactez par mail ou directement par t\u00e9l\u00e9phone","og_url":"https:\/\/jenna-piscines.com\/index.php\/contacts\/","og_site_name":"Jenna Piscines","article_publisher":"https:\/\/www.facebook.com\/jennapiscines","article_modified_time":"2024-04-09T19:49:14+00:00","og_image":[{"url":"http:\/\/jenna-piscines.com\/wp-content\/uploads\/2024\/02\/pexels-guduru-ajay-bhargav-863988-2-1024x768.jpg","type":"","width":"","height":""}],"twitter_card":"summary_large_image","twitter_misc":{"Dur\u00e9e de lecture estim\u00e9e":"1 minute"},"schema":{"@context":"https:\/\/schema.org","@graph":[{"@type":"WebPage","@id":"https:\/\/jenna-piscines.com\/index.php\/contacts\/","url":"https:\/\/jenna-piscines.com\/index.php\/contacts\/","name":"Contactez-moi ! - Jenna Piscines","isPartOf":{"@id":"https:\/\/jenna-piscines.com\/#website"},"primaryImageOfPage":{"@id":"https:\/\/jenna-piscines.com\/index.php\/contacts\/#primaryimage"},"image":{"@id":"https:\/\/jenna-piscines.com\/index.php\/contacts\/#primaryimage"},"thumbnailUrl":"http:\/\/jenna-piscines.com\/wp-content\/uploads\/2024\/02\/pexels-guduru-ajay-bhargav-863988-2-1024x768.jpg","datePublished":"2024-03-05T17:08:14+00:00","dateModified":"2024-04-09T19:49:14+00:00","description":"Pour toute demande d'information ou de devis n'h\u00e9sitez pas \u00e0 nous contactez par mail ou directement par t\u00e9l\u00e9phone","breadcrumb":{"@id":"https:\/\/jenna-piscines.com\/index.php\/contacts\/#breadcrumb"},"inLanguage":"fr-FR","potentialAction":[{"@type":"ReadAction","target":["https:\/\/jenna-piscines.com\/index.php\/contacts\/"]}]},{"@type":"ImageObject","inLanguage":"fr-FR","@id":"https:\/\/jenna-piscines.com\/index.php\/contacts\/#primaryimage","url":"https:\/\/jenna-piscines.com\/wp-content\/uploads\/2024\/02\/pexels-guduru-ajay-bhargav-863988-2-scaled.jpg","contentUrl":"https:\/\/jenna-piscines.com\/wp-content\/uploads\/2024\/02\/pexels-guduru-ajay-bhargav-863988-2-scaled.jpg","width":2560,"height":1920},{"@type":"BreadcrumbList","@id":"https:\/\/jenna-piscines.com\/index.php\/contacts\/#breadcrumb","itemListElement":[{"@type":"ListItem","position":1,"name":"Accueil","item":"https:\/\/jenna-piscines.com\/"},{"@type":"ListItem","position":2,"name":"Contactez-moi !"}]},{"@type":"WebSite","@id":"https:\/\/jenna-piscines.com\/#website","url":"https:\/\/jenna-piscines.com\/","name":"Jenna Piscines","description":"Nagez dans le bonheur","publisher":{"@id":"https:\/\/jenna-piscines.com\/#organization"},"potentialAction":[{"@type":"SearchAction","target":{"@type":"EntryPoint","urlTemplate":"https:\/\/jenna-piscines.com\/?s={search_term_string}"},"query-input":{"@type":"PropertyValueSpecification","valueRequired":true,"valueName":"search_term_string"}}],"inLanguage":"fr-FR"},{"@type":"Organization","@id":"https:\/\/jenna-piscines.com\/#organization","name":"Jenna Piscines","url":"https:\/\/jenna-piscines.com\/","logo":{"@type":"ImageObject","inLanguage":"fr-FR","@id":"https:\/\/jenna-piscines.com\/#\/schema\/logo\/image\/","url":"https:\/\/jenna-piscines.com\/wp-content\/uploads\/2020\/12\/web-agency-logo-3.png","contentUrl":"https:\/\/jenna-piscines.com\/wp-content\/uploads\/2020\/12\/web-agency-logo-3.png","width":200,"height":200,"caption":"Jenna Piscines"},"image":{"@id":"https:\/\/jenna-piscines.com\/#\/schema\/logo\/image\/"},"sameAs":["https:\/\/www.facebook.com\/jennapiscines"]}]}},"_links":{"self":[{"href":"https:\/\/jenna-piscines.com\/index.php\/wp-json\/wp\/v2\/pages\/537","targetHints":{"allow":["GET"]}}],"collection":[{"href":"https:\/\/jenna-piscines.com\/index.php\/wp-json\/wp\/v2\/pages"}],"about":[{"href":"https:\/\/jenna-piscines.com\/index.php\/wp-json\/wp\/v2\/types\/page"}],"author":[{"embeddable":true,"href":"https:\/\/jenna-piscines.com\/index.php\/wp-json\/wp\/v2\/users\/1"}],"replies":[{"embeddable":true,"href":"https:\/\/jenna-piscines.com\/index.php\/wp-json\/wp\/v2\/comments?post=537"}],"version-history":[{"count":11,"href":"https:\/\/jenna-piscines.com\/index.php\/wp-json\/wp\/v2\/pages\/537\/revisions"}],"predecessor-version":[{"id":708,"href":"https:\/\/jenna-piscines.com\/index.php\/wp-json\/wp\/v2\/pages\/537\/revisions\/708"}],"wp:attachment":[{"href":"https:\/\/jenna-piscines.com\/index.php\/wp-json\/wp\/v2\/media?parent=537"}],"curies":[{"name":"wp","href":"https:\/\/api.w.org\/{rel}","templated":true}]}}