{"id":372,"date":"2024-02-19T18:08:16","date_gmt":"2024-02-19T17:08:16","guid":{"rendered":"https:\/\/jenna-piscines.com\/index.php\/services-7-2\/"},"modified":"2024-04-27T23:45:53","modified_gmt":"2024-04-27T21:45:53","slug":"services","status":"publish","type":"page","link":"https:\/\/jenna-piscines.com\/index.php\/services\/","title":{"rendered":"Les services"},"content":{"rendered":"\n<div class=\"wp-block-cover alignfull has-parallax\" style=\"min-height:594px;aspect-ratio:unset;\"><span aria-hidden=\"true\" class=\"wp-block-cover__background has-neve-link-color-background-color has-background-dim-60 has-background-dim\"><\/span><div class=\"wp-block-cover__image-background wp-image-756 has-parallax\" style=\"background-position:50% 50%;background-image:url(https:\/\/jenna-piscines.com\/wp-content\/uploads\/2024\/04\/IMG_20240427_234440-1-scaled.jpg)\"><\/div><div class=\"wp-block-cover__inner-container is-layout-flow wp-block-cover-is-layout-flow\">\n<div style=\"height:140px\" aria-hidden=\"true\" class=\"wp-block-spacer\"><\/div>\n<\/div><\/div>\n\n\n\n<p><\/p>\n\n\n\n<h2 class=\"wp-block-heading has-text-align-center\">Les services<\/h2>\n\n\n\n<div style=\"height:40px\" aria-hidden=\"true\" class=\"wp-block-spacer\"><\/div>\n\n\n\n<div class=\"wp-block-columns is-layout-flex wp-container-core-columns-is-layout-9d6595d7 wp-block-columns-is-layout-flex\">\n<div class=\"wp-block-column is-layout-flow wp-block-column-is-layout-flow\"><div class=\"wp-block-image\">\n<figure class=\"aligncenter size-full is-resized\"><img decoding=\"async\" width=\"94\" height=\"101\" src=\"https:\/\/jenna-piscines.com\/wp-content\/uploads\/2024\/03\/echelle.jpg\" alt=\"\" class=\"wp-image-515\" style=\"width:74px;height:auto\"\/><\/figure>\n<\/div>\n\n\n<h4 class=\"wp-block-heading has-text-align-center\"> Entretiens<\/h4>\n\n\n\n<p><\/p>\n\n\n\n<p class=\"has-text-align-center\"><strong><em>Jenna Piscines vous proposera un entretien personnalis\u00e9<\/em> <\/strong><\/p>\n\n\n\n<p class=\"has-text-align-center\">Piscine priv\u00e9e ou \u00e0 caract\u00e8re professionnel, l&rsquo;intervention d&rsquo;un pisciniste est conseill\u00e9e. La qualit\u00e9 de l&rsquo;eau doit \u00eatre irr\u00e9prochable, n\u00e9cessitant connaissances sp\u00e9cifiques et savoir-faire :<\/p>\n\n\n\n<p><\/p>\n\n\n\n<ul class=\"wp-block-list\">\n<li><strong>Mise en service<\/strong>&nbsp;: Elle doit \u00eatre optimale afin d&rsquo;assurer un bon fonctionnement tout au long de la saison estivale. <\/li>\n\n\n\n<li><strong>Traitement de l&rsquo;eau<\/strong> : L&rsquo;eau doit \u00eatre correctement analys\u00e9e afin d&rsquo;optimiser son traitement.<\/li>\n\n\n\n<li><strong>Contrat d\u2019entretien<\/strong> : Il pourra \u00eatre fait \u00e0 la semaine, au mois ou \u00e0 l\u2019ann\u00e9e selon vos besoins.<\/li>\n\n\n\n<li><strong>Hivernage<\/strong>&nbsp;: Durant la p\u00e9riode hivernale, traitement de l&rsquo;eau et protection des \u00e9quipements devront \u00e9galement \u00eatre r\u00e9alis\u00e9s. <\/li>\n<\/ul>\n<\/div>\n\n\n\n<div class=\"wp-block-column is-layout-flow wp-block-column-is-layout-flow\"><div class=\"wp-block-image\">\n<figure class=\"aligncenter size-full is-resized\"><img decoding=\"async\" width=\"97\" height=\"88\" src=\"https:\/\/jenna-piscines.com\/wp-content\/uploads\/2024\/03\/tuyau.jpg\" alt=\"\" class=\"wp-image-516\" style=\"width:88px;height:auto\"\/><\/figure>\n<\/div>\n\n\n<h4 class=\"wp-block-heading has-text-align-center\">Assistance et d\u00e9pannage<\/h4>\n\n\n\n<p><\/p>\n\n\n\n<p class=\"has-text-align-center\"><strong><em>Jenna Piscines se montrera disponible 7j\/7 pendant la p\u00e9riode estivale <\/em><\/strong><\/p>\n\n\n\n<p class=\"has-text-align-center\"><\/p>\n\n\n\n<p class=\"has-text-align-center\">Une pompe qui tombe en panne, un syst\u00e8me de filtration d\u00e9faillant, un probl\u00e8me de traitement d\u2019eau ou encore un robot de piscine qui ne fonctionne plus, Jenna Piscines diagnostiquera tous vos probl\u00e8mes avec minutie et rapidit\u00e9.<\/p>\n<\/div>\n\n\n\n<div class=\"wp-block-column is-layout-flow wp-block-column-is-layout-flow\"><div class=\"wp-block-image\">\n<figure class=\"aligncenter size-full is-resized\"><img decoding=\"async\" width=\"69\" height=\"102\" src=\"https:\/\/jenna-piscines.com\/wp-content\/uploads\/2024\/03\/filtration2.jpg\" alt=\"\" class=\"wp-image-517\" style=\"width:54px;height:auto\"\/><\/figure>\n<\/div>\n\n\n<h4 class=\"wp-block-heading has-text-align-center\">Installation et Maintenance<\/h4>\n\n\n\n<p><\/p>\n\n\n\n<p class=\"has-text-align-center\"><strong><em>Jenna Piscines assurera l&rsquo;installation et la maintenance de votre local technique<\/em> <\/strong><\/p>\n\n\n\n<p class=\"has-text-align-center\">Que ce soit pour un projet futur, ou pour le renouvellement de vos \u00e9quipements, Jenna Piscines interviendra pour vous donner toutes informations souhait\u00e9es.  <\/p>\n\n\n\n<p class=\"has-text-align-center\">La bonne sant\u00e9 de votre piscine passe avant tout par le bon entretien de votre local technique. <\/p>\n\n\n\n<p><a href=\"https:\/\/jenna-piscines.com\/index.php\/contacts\/\">Pour ce faire, n&rsquo;h\u00e9sitez pas \u00e0 me contacter et \u00e0 faire une demande de devis !<\/a><\/p>\n\n\n\n<p><\/p>\n\n\n\n<p><\/p>\n<\/div>\n<\/div>\n\n\n\n<div style=\"height:80px\" aria-hidden=\"true\" class=\"wp-block-spacer\"><\/div>\n\n\n\n<div class=\"wp-block-columns is-layout-flex wp-container-core-columns-is-layout-9d6595d7 wp-block-columns-is-layout-flex\">\n<div class=\"wp-block-column is-layout-flow wp-block-column-is-layout-flow\"><\/div>\n<\/div>\n\n\n\n<div style=\"height:60px\" aria-hidden=\"true\" class=\"wp-block-spacer\"><\/div>\n","protected":false},"excerpt":{"rendered":"<p>Les services Entretiens Jenna Piscines vous proposera un entretien personnalis\u00e9 Piscine priv\u00e9e ou \u00e0 caract\u00e8re professionnel, l&rsquo;intervention d&rsquo;un pisciniste est conseill\u00e9e. La qualit\u00e9 de l&rsquo;eau doit \u00eatre irr\u00e9prochable, n\u00e9cessitant connaissances sp\u00e9cifiques et savoir-faire : Assistance et d\u00e9pannage Jenna Piscines se montrera disponible 7j\/7 pendant la p\u00e9riode estivale Une pompe qui tombe en panne, un syst\u00e8me&hellip;&nbsp;<a href=\"https:\/\/jenna-piscines.com\/index.php\/services\/\" rel=\"bookmark\">Lire la suite &raquo;<span class=\"screen-reader-text\">Les services<\/span><\/a><\/p>\n","protected":false},"author":1,"featured_media":0,"parent":0,"menu_order":0,"comment_status":"closed","ping_status":"closed","template":"","meta":{"neve_meta_sidebar":"full-width","neve_meta_container":"contained","neve_meta_enable_content_width":"on","neve_meta_content_width":100,"neve_meta_title_alignment":"","neve_meta_author_avatar":"","neve_post_elements_order":"","neve_meta_disable_header":"","neve_meta_disable_footer":"","neve_meta_disable_title":"on","footnotes":""},"class_list":["post-372","page","type-page","status-publish","hentry"],"yoast_head":"<!-- This site is optimized with the Yoast SEO plugin v27.4 - https:\/\/yoast.com\/product\/yoast-seo-wordpress\/ -->\n<title>Les services - Jenna Piscines<\/title>\n<meta name=\"description\" content=\"Retrouvez tous les services propos\u00e9s par JENNA PISCINES sur notre site internet.\" \/>\n<meta name=\"robots\" content=\"index, follow, max-snippet:-1, max-image-preview:large, max-video-preview:-1\" \/>\n<link rel=\"canonical\" href=\"https:\/\/jenna-piscines.com\/index.php\/services\/\" \/>\n<meta property=\"og:locale\" content=\"fr_FR\" \/>\n<meta property=\"og:type\" content=\"article\" \/>\n<meta property=\"og:title\" content=\"Les services - Jenna Piscines\" \/>\n<meta property=\"og:description\" content=\"Retrouvez tous les services propos\u00e9s par JENNA PISCINES sur notre site internet.\" \/>\n<meta property=\"og:url\" content=\"https:\/\/jenna-piscines.com\/index.php\/services\/\" \/>\n<meta property=\"og:site_name\" content=\"Jenna Piscines\" \/>\n<meta property=\"article:publisher\" content=\"https:\/\/www.facebook.com\/jennapiscines\" \/>\n<meta property=\"article:modified_time\" content=\"2024-04-27T21:45:53+00:00\" \/>\n<meta property=\"og:image\" content=\"https:\/\/jenna-piscines.com\/wp-content\/uploads\/2024\/03\/echelle.jpg\" \/>\n<meta name=\"twitter:card\" content=\"summary_large_image\" \/>\n<meta name=\"twitter:label1\" content=\"Dur\u00e9e de lecture estim\u00e9e\" \/>\n\t<meta name=\"twitter:data1\" content=\"2 minutes\" \/>\n<script type=\"application\/ld+json\" class=\"yoast-schema-graph\">{\"@context\":\"https:\\\/\\\/schema.org\",\"@graph\":[{\"@type\":\"WebPage\",\"@id\":\"https:\\\/\\\/jenna-piscines.com\\\/index.php\\\/services\\\/\",\"url\":\"https:\\\/\\\/jenna-piscines.com\\\/index.php\\\/services\\\/\",\"name\":\"Les services - Jenna Piscines\",\"isPartOf\":{\"@id\":\"https:\\\/\\\/jenna-piscines.com\\\/#website\"},\"primaryImageOfPage\":{\"@id\":\"https:\\\/\\\/jenna-piscines.com\\\/index.php\\\/services\\\/#primaryimage\"},\"image\":{\"@id\":\"https:\\\/\\\/jenna-piscines.com\\\/index.php\\\/services\\\/#primaryimage\"},\"thumbnailUrl\":\"https:\\\/\\\/jenna-piscines.com\\\/wp-content\\\/uploads\\\/2024\\\/03\\\/echelle.jpg\",\"datePublished\":\"2024-02-19T17:08:16+00:00\",\"dateModified\":\"2024-04-27T21:45:53+00:00\",\"description\":\"Retrouvez tous les services propos\u00e9s par JENNA PISCINES sur notre site internet.\",\"breadcrumb\":{\"@id\":\"https:\\\/\\\/jenna-piscines.com\\\/index.php\\\/services\\\/#breadcrumb\"},\"inLanguage\":\"fr-FR\",\"potentialAction\":[{\"@type\":\"ReadAction\",\"target\":[\"https:\\\/\\\/jenna-piscines.com\\\/index.php\\\/services\\\/\"]}]},{\"@type\":\"ImageObject\",\"inLanguage\":\"fr-FR\",\"@id\":\"https:\\\/\\\/jenna-piscines.com\\\/index.php\\\/services\\\/#primaryimage\",\"url\":\"https:\\\/\\\/jenna-piscines.com\\\/wp-content\\\/uploads\\\/2024\\\/03\\\/echelle.jpg\",\"contentUrl\":\"https:\\\/\\\/jenna-piscines.com\\\/wp-content\\\/uploads\\\/2024\\\/03\\\/echelle.jpg\",\"width\":94,\"height\":101,\"caption\":\"Equipment for pool icons set. Outline set of equipment for pool vector icons thin line color flat on white\"},{\"@type\":\"BreadcrumbList\",\"@id\":\"https:\\\/\\\/jenna-piscines.com\\\/index.php\\\/services\\\/#breadcrumb\",\"itemListElement\":[{\"@type\":\"ListItem\",\"position\":1,\"name\":\"Accueil\",\"item\":\"https:\\\/\\\/jenna-piscines.com\\\/\"},{\"@type\":\"ListItem\",\"position\":2,\"name\":\"Les services\"}]},{\"@type\":\"WebSite\",\"@id\":\"https:\\\/\\\/jenna-piscines.com\\\/#website\",\"url\":\"https:\\\/\\\/jenna-piscines.com\\\/\",\"name\":\"Jenna Piscines\",\"description\":\"Nagez dans le bonheur\",\"publisher\":{\"@id\":\"https:\\\/\\\/jenna-piscines.com\\\/#organization\"},\"potentialAction\":[{\"@type\":\"SearchAction\",\"target\":{\"@type\":\"EntryPoint\",\"urlTemplate\":\"https:\\\/\\\/jenna-piscines.com\\\/?s={search_term_string}\"},\"query-input\":{\"@type\":\"PropertyValueSpecification\",\"valueRequired\":true,\"valueName\":\"search_term_string\"}}],\"inLanguage\":\"fr-FR\"},{\"@type\":\"Organization\",\"@id\":\"https:\\\/\\\/jenna-piscines.com\\\/#organization\",\"name\":\"Jenna Piscines\",\"url\":\"https:\\\/\\\/jenna-piscines.com\\\/\",\"logo\":{\"@type\":\"ImageObject\",\"inLanguage\":\"fr-FR\",\"@id\":\"https:\\\/\\\/jenna-piscines.com\\\/#\\\/schema\\\/logo\\\/image\\\/\",\"url\":\"https:\\\/\\\/jenna-piscines.com\\\/wp-content\\\/uploads\\\/2020\\\/12\\\/web-agency-logo-3.png\",\"contentUrl\":\"https:\\\/\\\/jenna-piscines.com\\\/wp-content\\\/uploads\\\/2020\\\/12\\\/web-agency-logo-3.png\",\"width\":200,\"height\":200,\"caption\":\"Jenna Piscines\"},\"image\":{\"@id\":\"https:\\\/\\\/jenna-piscines.com\\\/#\\\/schema\\\/logo\\\/image\\\/\"},\"sameAs\":[\"https:\\\/\\\/www.facebook.com\\\/jennapiscines\"]}]}<\/script>\n<!-- \/ Yoast SEO plugin. -->","yoast_head_json":{"title":"Les services - Jenna Piscines","description":"Retrouvez tous les services propos\u00e9s par JENNA PISCINES sur notre site internet.","robots":{"index":"index","follow":"follow","max-snippet":"max-snippet:-1","max-image-preview":"max-image-preview:large","max-video-preview":"max-video-preview:-1"},"canonical":"https:\/\/jenna-piscines.com\/index.php\/services\/","og_locale":"fr_FR","og_type":"article","og_title":"Les services - Jenna Piscines","og_description":"Retrouvez tous les services propos\u00e9s par JENNA PISCINES sur notre site internet.","og_url":"https:\/\/jenna-piscines.com\/index.php\/services\/","og_site_name":"Jenna Piscines","article_publisher":"https:\/\/www.facebook.com\/jennapiscines","article_modified_time":"2024-04-27T21:45:53+00:00","og_image":[{"url":"https:\/\/jenna-piscines.com\/wp-content\/uploads\/2024\/03\/echelle.jpg","type":"","width":"","height":""}],"twitter_card":"summary_large_image","twitter_misc":{"Dur\u00e9e de lecture estim\u00e9e":"2 minutes"},"schema":{"@context":"https:\/\/schema.org","@graph":[{"@type":"WebPage","@id":"https:\/\/jenna-piscines.com\/index.php\/services\/","url":"https:\/\/jenna-piscines.com\/index.php\/services\/","name":"Les services - Jenna Piscines","isPartOf":{"@id":"https:\/\/jenna-piscines.com\/#website"},"primaryImageOfPage":{"@id":"https:\/\/jenna-piscines.com\/index.php\/services\/#primaryimage"},"image":{"@id":"https:\/\/jenna-piscines.com\/index.php\/services\/#primaryimage"},"thumbnailUrl":"https:\/\/jenna-piscines.com\/wp-content\/uploads\/2024\/03\/echelle.jpg","datePublished":"2024-02-19T17:08:16+00:00","dateModified":"2024-04-27T21:45:53+00:00","description":"Retrouvez tous les services propos\u00e9s par JENNA PISCINES sur notre site internet.","breadcrumb":{"@id":"https:\/\/jenna-piscines.com\/index.php\/services\/#breadcrumb"},"inLanguage":"fr-FR","potentialAction":[{"@type":"ReadAction","target":["https:\/\/jenna-piscines.com\/index.php\/services\/"]}]},{"@type":"ImageObject","inLanguage":"fr-FR","@id":"https:\/\/jenna-piscines.com\/index.php\/services\/#primaryimage","url":"https:\/\/jenna-piscines.com\/wp-content\/uploads\/2024\/03\/echelle.jpg","contentUrl":"https:\/\/jenna-piscines.com\/wp-content\/uploads\/2024\/03\/echelle.jpg","width":94,"height":101,"caption":"Equipment for pool icons set. Outline set of equipment for pool vector icons thin line color flat on white"},{"@type":"BreadcrumbList","@id":"https:\/\/jenna-piscines.com\/index.php\/services\/#breadcrumb","itemListElement":[{"@type":"ListItem","position":1,"name":"Accueil","item":"https:\/\/jenna-piscines.com\/"},{"@type":"ListItem","position":2,"name":"Les services"}]},{"@type":"WebSite","@id":"https:\/\/jenna-piscines.com\/#website","url":"https:\/\/jenna-piscines.com\/","name":"Jenna Piscines","description":"Nagez dans le bonheur","publisher":{"@id":"https:\/\/jenna-piscines.com\/#organization"},"potentialAction":[{"@type":"SearchAction","target":{"@type":"EntryPoint","urlTemplate":"https:\/\/jenna-piscines.com\/?s={search_term_string}"},"query-input":{"@type":"PropertyValueSpecification","valueRequired":true,"valueName":"search_term_string"}}],"inLanguage":"fr-FR"},{"@type":"Organization","@id":"https:\/\/jenna-piscines.com\/#organization","name":"Jenna Piscines","url":"https:\/\/jenna-piscines.com\/","logo":{"@type":"ImageObject","inLanguage":"fr-FR","@id":"https:\/\/jenna-piscines.com\/#\/schema\/logo\/image\/","url":"https:\/\/jenna-piscines.com\/wp-content\/uploads\/2020\/12\/web-agency-logo-3.png","contentUrl":"https:\/\/jenna-piscines.com\/wp-content\/uploads\/2020\/12\/web-agency-logo-3.png","width":200,"height":200,"caption":"Jenna Piscines"},"image":{"@id":"https:\/\/jenna-piscines.com\/#\/schema\/logo\/image\/"},"sameAs":["https:\/\/www.facebook.com\/jennapiscines"]}]}},"_links":{"self":[{"href":"https:\/\/jenna-piscines.com\/index.php\/wp-json\/wp\/v2\/pages\/372","targetHints":{"allow":["GET"]}}],"collection":[{"href":"https:\/\/jenna-piscines.com\/index.php\/wp-json\/wp\/v2\/pages"}],"about":[{"href":"https:\/\/jenna-piscines.com\/index.php\/wp-json\/wp\/v2\/types\/page"}],"author":[{"embeddable":true,"href":"https:\/\/jenna-piscines.com\/index.php\/wp-json\/wp\/v2\/users\/1"}],"replies":[{"embeddable":true,"href":"https:\/\/jenna-piscines.com\/index.php\/wp-json\/wp\/v2\/comments?post=372"}],"version-history":[{"count":27,"href":"https:\/\/jenna-piscines.com\/index.php\/wp-json\/wp\/v2\/pages\/372\/revisions"}],"predecessor-version":[{"id":757,"href":"https:\/\/jenna-piscines.com\/index.php\/wp-json\/wp\/v2\/pages\/372\/revisions\/757"}],"wp:attachment":[{"href":"https:\/\/jenna-piscines.com\/index.php\/wp-json\/wp\/v2\/media?parent=372"}],"curies":[{"name":"wp","href":"https:\/\/api.w.org\/{rel}","templated":true}]}}